{"id":9,"date":"2025-02-28T18:58:50","date_gmt":"2025-02-28T17:58:50","guid":{"rendered":"https:\/\/www.singlescamp.cz\/?page_id=9"},"modified":"2025-03-27T13:14:51","modified_gmt":"2025-03-27T12:14:51","slug":"uvod","status":"publish","type":"page","link":"https:\/\/www.singlescamp.cz\/","title":{"rendered":"\u00davod"},"content":{"rendered":"\t\t<div data-elementor-type=\"wp-page\" data-elementor-id=\"9\" class=\"elementor elementor-9\" data-elementor-post-type=\"page\">\n\t\t\t\t<div class=\"elementor-element elementor-element-7a4da69 e-flex e-con-boxed e-con e-parent\" data-id=\"7a4da69\" data-element_type=\"container\" data-settings=\"{&quot;background_background&quot;:&quot;classic&quot;}\">\n\t\t\t\t\t<div class=\"e-con-inner\">\n\t\t\t\t<div class=\"elementor-element elementor-element-00af6b7 elementor-widget__width-inherit elementor-widget-tablet__width-inherit elementor-hidden-desktop elementor-hidden-mobile elementor-widget elementor-widget-heading\" data-id=\"00af6b7\" data-element_type=\"widget\" data-widget_type=\"heading.default\">\n\t\t\t\t<div class=\"elementor-widget-container\">\n\t\t\t\t\t<h1 class=\"elementor-heading-title elementor-size-default\">Objev sv\u011bt rand\u011bn\u00ed<br \/><span>Modern\u011b<\/span> a <span>bezpe\u010dn\u011b<\/span><\/h1>\t\t\t\t<\/div>\n\t\t\t\t<\/div>\n\t\t<div class=\"elementor-element elementor-element-7e485a0 e-con-full e-flex e-con e-child\" data-id=\"7e485a0\" data-element_type=\"container\">\n\t\t\t\t<div class=\"elementor-element elementor-element-f42c637 elementor-widget__width-inherit elementor-widget-tablet__width-inherit elementor-hidden-tablet elementor-widget elementor-widget-heading\" data-id=\"f42c637\" data-element_type=\"widget\" data-widget_type=\"heading.default\">\n\t\t\t\t<div class=\"elementor-widget-container\">\n\t\t\t\t\t<h1 class=\"elementor-heading-title elementor-size-default\">Objev sv\u011bt rand\u011bn\u00ed<br \/><span>Modern\u011b<\/span> a <span>bezpe\u010dn\u011b<\/span><\/h1>\t\t\t\t<\/div>\n\t\t\t\t<\/div>\n\t\t\t\t<div class=\"elementor-element elementor-element-6cba7c3 elementor-widget__width-initial elementor-widget elementor-widget-text-editor\" data-id=\"6cba7c3\" data-element_type=\"widget\" data-widget_type=\"text-editor.default\">\n\t\t\t\t<div class=\"elementor-widget-container\">\n\t\t\t\t\t\t\t\t\t<p>Singlescamp je unik\u00e1tn\u00ed seznamovac\u00ed slu\u017eba, kter\u00e1 kombinuje pobyt v p\u0159\u00edjemn\u00e9m prost\u0159ed\u00ed s mo\u017enost\u00ed sezn\u00e1men\u00ed se s dal\u0161\u00edmi nezadan\u00fdmi. Nab\u00edz\u00edme v\u00edkendov\u00e9 pobyty pln\u00e9 z\u00e1bavy, aktivit a p\u0159\u00edle\u017eitost\u00ed k nav\u00e1z\u00e1n\u00ed nov\u00fdch kontakt\u016f. U\u017eijte si nezapomenuteln\u00fd \u010das a mo\u017en\u00e1 potk\u00e1te svou sp\u0159\u00edzn\u011bnou du\u0161i pr\u00e1v\u011b u n\u00e1s.<\/p>\t\t\t\t\t\t\t\t<\/div>\n\t\t\t\t<\/div>\n\t\t\t\t<div class=\"elementor-element elementor-element-ea9f701 elementor-widget__width-inherit elementor-widget elementor-widget-button\" data-id=\"ea9f701\" data-element_type=\"widget\" data-widget_type=\"button.default\">\n\t\t\t\t<div class=\"elementor-widget-container\">\n\t\t\t\t\t\t\t\t\t<div class=\"elementor-button-wrapper\">\n\t\t\t\t\t<a class=\"elementor-button elementor-button-link elementor-size-sm\" href=\"#\">\n\t\t\t\t\t\t<span class=\"elementor-button-content-wrapper\">\n\t\t\t\t\t\t\t\t\t<span class=\"elementor-button-text\">Klikn\u011bte zde<\/span>\n\t\t\t\t\t<\/span>\n\t\t\t\t\t<\/a>\n\t\t\t\t<\/div>\n\t\t\t\t\t\t\t\t<\/div>\n\t\t\t\t<\/div>\n\t\t\t\t<\/div>\n\t\t<div class=\"elementor-element elementor-element-e89db5f e-con-full e-flex e-con e-child\" data-id=\"e89db5f\" data-element_type=\"container\" data-settings=\"{&quot;background_background&quot;:&quot;classic&quot;}\">\n\t\t\t\t<div class=\"elementor-element elementor-element-84ee878 elementor-widget elementor-widget-image\" data-id=\"84ee878\" data-element_type=\"widget\" data-widget_type=\"image.default\">\n\t\t\t\t<div class=\"elementor-widget-container\">\n\t\t\t\t\t\t\t\t\t\t\t\t\t\t\t<img fetchpriority=\"high\" decoding=\"async\" width=\"650\" height=\"671\" src=\"https:\/\/www.singlescamp.cz\/wp-content\/uploads\/2025\/03\/03.webp\" class=\"attachment-large size-large wp-image-46\" alt=\"\" srcset=\"https:\/\/www.singlescamp.cz\/wp-content\/uploads\/2025\/03\/03.webp 650w, https:\/\/www.singlescamp.cz\/wp-content\/uploads\/2025\/03\/03-291x300.webp 291w\" sizes=\"(max-width: 650px) 100vw, 650px\" \/>\t\t\t\t\t\t\t\t\t\t\t\t\t\t\t<\/div>\n\t\t\t\t<\/div>\n\t\t<div class=\"elementor-element elementor-element-299330a e-con-full elementor-hidden-mobile cloud e-flex e-con e-child\" data-id=\"299330a\" data-element_type=\"container\" data-settings=\"{&quot;background_background&quot;:&quot;classic&quot;,&quot;position&quot;:&quot;absolute&quot;,&quot;motion_fx_motion_fx_mouse&quot;:&quot;yes&quot;,&quot;animation&quot;:&quot;none&quot;}\">\n\t\t\t\t<div class=\"elementor-element elementor-element-1b1d89e elementor-widget elementor-widget-text-editor\" data-id=\"1b1d89e\" data-element_type=\"widget\" data-settings=\"{&quot;_animation&quot;:&quot;none&quot;}\" data-widget_type=\"text-editor.default\">\n\t\t\t\t<div class=\"elementor-widget-container\">\n\t\t\t\t\t\t\t\t\t<p>PRO\u017dIJ<br \/>NEZAPOMENUTELN\u00dd<br \/>V\u00cdKEND!<\/p>\t\t\t\t\t\t\t\t<\/div>\n\t\t\t\t<\/div>\n\t\t\t\t<\/div>\n\t\t\t\t<\/div>\n\t\t\t\t\t<\/div>\n\t\t\t\t<\/div>\n\t\t<div class=\"elementor-element elementor-element-9459fe6 e-flex e-con-boxed e-con e-parent\" data-id=\"9459fe6\" data-element_type=\"container\">\n\t\t\t\t\t<div class=\"e-con-inner\">\n\t\t\t\t<div class=\"elementor-element elementor-element-471fd23 elementor-widget__width-inherit elementor-widget-tablet__width-inherit elementor-widget elementor-widget-heading\" data-id=\"471fd23\" data-element_type=\"widget\" data-widget_type=\"heading.default\">\n\t\t\t\t<div class=\"elementor-widget-container\">\n\t\t\t\t\t<h2 class=\"elementor-heading-title elementor-size-default\"><span>Modern\u00ed<\/span> ubytov\u00e1n\u00ed<\/h2>\t\t\t\t<\/div>\n\t\t\t\t<\/div>\n\t\t\t\t\t<\/div>\n\t\t\t\t<\/div>\n\t\t<div class=\"elementor-element elementor-element-0bf2e5c e-con-full e-flex e-con e-parent\" data-id=\"0bf2e5c\" data-element_type=\"container\">\n\t\t\t\t<div class=\"elementor-element elementor-element-9af3bc8 elementor-widget__width-inherit elementor-widget elementor-widget-gallery\" data-id=\"9af3bc8\" data-element_type=\"widget\" data-settings=\"{&quot;columns&quot;:3,&quot;gap&quot;:{&quot;unit&quot;:&quot;px&quot;,&quot;size&quot;:0,&quot;sizes&quot;:[]},&quot;columns_mobile&quot;:2,&quot;gap_tablet&quot;:{&quot;unit&quot;:&quot;px&quot;,&quot;size&quot;:0,&quot;sizes&quot;:[]},&quot;gap_mobile&quot;:{&quot;unit&quot;:&quot;px&quot;,&quot;size&quot;:0,&quot;sizes&quot;:[]},&quot;gallery_layout&quot;:&quot;grid&quot;,&quot;columns_tablet&quot;:2,&quot;link_to&quot;:&quot;file&quot;,&quot;aspect_ratio&quot;:&quot;3:2&quot;,&quot;content_hover_animation&quot;:&quot;fade-in&quot;}\" data-widget_type=\"gallery.default\">\n\t\t\t\t<div class=\"elementor-widget-container\">\n\t\t\t\t\t\t\t<div class=\"elementor-gallery__container\">\n\t\t\t\t\t\t\t<a class=\"e-gallery-item elementor-gallery-item elementor-animated-content\" href=\"https:\/\/www.singlescamp.cz\/wp-content\/uploads\/2025\/03\/12.webp\" data-elementor-open-lightbox=\"yes\" data-elementor-lightbox-slideshow=\"9af3bc8\" data-elementor-lightbox-title=\"12\" data-e-action-hash=\"#elementor-action%3Aaction%3Dlightbox%26settings%3DeyJpZCI6MTk1LCJ1cmwiOiJodHRwczpcL1wvd3d3LnNpbmdsZXNjYW1wLmN6XC93cC1jb250ZW50XC91cGxvYWRzXC8yMDI1XC8wM1wvMTIud2VicCIsInNsaWRlc2hvdyI6IjlhZjNiYzgifQ%3D%3D\">\n\t\t\t\t\t<div class=\"e-gallery-image elementor-gallery-item__image\" data-thumbnail=\"https:\/\/www.singlescamp.cz\/wp-content\/uploads\/2025\/03\/12.webp\" data-width=\"1600\" data-height=\"1067\" aria-label=\"\" role=\"img\" ><\/div>\n\t\t\t\t\t\t\t\t\t\t\t\t\t\t<\/a>\n\t\t\t\t\t\t\t<a class=\"e-gallery-item elementor-gallery-item elementor-animated-content\" href=\"https:\/\/www.singlescamp.cz\/wp-content\/uploads\/2025\/03\/24.webp\" data-elementor-open-lightbox=\"yes\" data-elementor-lightbox-slideshow=\"9af3bc8\" data-elementor-lightbox-title=\"24\" data-e-action-hash=\"#elementor-action%3Aaction%3Dlightbox%26settings%3DeyJpZCI6MTk3LCJ1cmwiOiJodHRwczpcL1wvd3d3LnNpbmdsZXNjYW1wLmN6XC93cC1jb250ZW50XC91cGxvYWRzXC8yMDI1XC8wM1wvMjQud2VicCIsInNsaWRlc2hvdyI6IjlhZjNiYzgifQ%3D%3D\">\n\t\t\t\t\t<div class=\"e-gallery-image elementor-gallery-item__image\" data-thumbnail=\"https:\/\/www.singlescamp.cz\/wp-content\/uploads\/2025\/03\/24.webp\" data-width=\"1600\" data-height=\"1067\" aria-label=\"\" role=\"img\" ><\/div>\n\t\t\t\t\t\t\t\t\t\t\t\t\t\t<\/a>\n\t\t\t\t\t\t\t<a class=\"e-gallery-item elementor-gallery-item elementor-animated-content\" href=\"https:\/\/www.singlescamp.cz\/wp-content\/uploads\/2025\/03\/18.webp\" data-elementor-open-lightbox=\"yes\" data-elementor-lightbox-slideshow=\"9af3bc8\" data-elementor-lightbox-title=\"18\" data-e-action-hash=\"#elementor-action%3Aaction%3Dlightbox%26settings%3DeyJpZCI6MTk2LCJ1cmwiOiJodHRwczpcL1wvd3d3LnNpbmdsZXNjYW1wLmN6XC93cC1jb250ZW50XC91cGxvYWRzXC8yMDI1XC8wM1wvMTgud2VicCIsInNsaWRlc2hvdyI6IjlhZjNiYzgifQ%3D%3D\">\n\t\t\t\t\t<div class=\"e-gallery-image elementor-gallery-item__image\" data-thumbnail=\"https:\/\/www.singlescamp.cz\/wp-content\/uploads\/2025\/03\/18.webp\" data-width=\"1600\" data-height=\"1067\" aria-label=\"\" role=\"img\" ><\/div>\n\t\t\t\t\t\t\t\t\t\t\t\t\t\t<\/a>\n\t\t\t\t\t\t\t<a class=\"e-gallery-item elementor-gallery-item elementor-animated-content\" href=\"https:\/\/www.singlescamp.cz\/wp-content\/uploads\/2025\/03\/07.webp\" data-elementor-open-lightbox=\"yes\" data-elementor-lightbox-slideshow=\"9af3bc8\" data-elementor-lightbox-title=\"07\" data-e-action-hash=\"#elementor-action%3Aaction%3Dlightbox%26settings%3DeyJpZCI6MTkyLCJ1cmwiOiJodHRwczpcL1wvd3d3LnNpbmdsZXNjYW1wLmN6XC93cC1jb250ZW50XC91cGxvYWRzXC8yMDI1XC8wM1wvMDcud2VicCIsInNsaWRlc2hvdyI6IjlhZjNiYzgifQ%3D%3D\">\n\t\t\t\t\t<div class=\"e-gallery-image elementor-gallery-item__image\" data-thumbnail=\"https:\/\/www.singlescamp.cz\/wp-content\/uploads\/2025\/03\/07.webp\" data-width=\"1600\" data-height=\"1067\" aria-label=\"\" role=\"img\" ><\/div>\n\t\t\t\t\t\t\t\t\t\t\t\t\t\t<\/a>\n\t\t\t\t\t\t\t<a class=\"e-gallery-item elementor-gallery-item elementor-animated-content\" href=\"https:\/\/www.singlescamp.cz\/wp-content\/uploads\/2025\/03\/11.webp\" data-elementor-open-lightbox=\"yes\" data-elementor-lightbox-slideshow=\"9af3bc8\" data-elementor-lightbox-title=\"11\" data-e-action-hash=\"#elementor-action%3Aaction%3Dlightbox%26settings%3DeyJpZCI6MTk0LCJ1cmwiOiJodHRwczpcL1wvd3d3LnNpbmdsZXNjYW1wLmN6XC93cC1jb250ZW50XC91cGxvYWRzXC8yMDI1XC8wM1wvMTEud2VicCIsInNsaWRlc2hvdyI6IjlhZjNiYzgifQ%3D%3D\">\n\t\t\t\t\t<div class=\"e-gallery-image elementor-gallery-item__image\" data-thumbnail=\"https:\/\/www.singlescamp.cz\/wp-content\/uploads\/2025\/03\/11.webp\" data-width=\"1600\" data-height=\"1067\" aria-label=\"\" role=\"img\" ><\/div>\n\t\t\t\t\t\t\t\t\t\t\t\t\t\t<\/a>\n\t\t\t\t\t\t\t<a class=\"e-gallery-item elementor-gallery-item elementor-animated-content\" href=\"https:\/\/www.singlescamp.cz\/wp-content\/uploads\/2025\/03\/10.webp\" data-elementor-open-lightbox=\"yes\" data-elementor-lightbox-slideshow=\"9af3bc8\" data-elementor-lightbox-title=\"10\" data-e-action-hash=\"#elementor-action%3Aaction%3Dlightbox%26settings%3DeyJpZCI6MTkzLCJ1cmwiOiJodHRwczpcL1wvd3d3LnNpbmdsZXNjYW1wLmN6XC93cC1jb250ZW50XC91cGxvYWRzXC8yMDI1XC8wM1wvMTAud2VicCIsInNsaWRlc2hvdyI6IjlhZjNiYzgifQ%3D%3D\">\n\t\t\t\t\t<div class=\"e-gallery-image elementor-gallery-item__image\" data-thumbnail=\"https:\/\/www.singlescamp.cz\/wp-content\/uploads\/2025\/03\/10.webp\" data-width=\"1600\" data-height=\"1067\" aria-label=\"\" role=\"img\" ><\/div>\n\t\t\t\t\t\t\t\t\t\t\t\t\t\t<\/a>\n\t\t\t\t\t<\/div>\n\t\t\t\t\t<\/div>\n\t\t\t\t<\/div>\n\t\t\t\t<\/div>\n\t\t<div class=\"elementor-element elementor-element-8c40e69 e-flex e-con-boxed e-con e-parent\" data-id=\"8c40e69\" data-element_type=\"container\" data-settings=\"{&quot;background_background&quot;:&quot;classic&quot;}\">\n\t\t\t\t\t<div class=\"e-con-inner\">\n\t\t\t\t<div class=\"elementor-element elementor-element-b41b0db elementor-widget__width-initial elementor-widget elementor-widget-text-editor\" data-id=\"b41b0db\" data-element_type=\"widget\" data-widget_type=\"text-editor.default\">\n\t\t\t\t<div class=\"elementor-widget-container\">\n\t\t\t\t\t\t\t\t\t<p>M\u00e1me kapacitu 26 m\u00edst v dvoul\u016f\u017ekov\u00fdch, t\u0159\u00edl\u016f\u017ekov\u00fdch a \u010dty\u0159l\u016f\u017ekov\u00fdch pokoj\u00edch. \u017deny a mu\u017ei jsou ubytov\u00e1ni zvl\u00e1\u0161\u0165. Ka\u017ed\u00fd pokoj m\u00e1 vlastn\u00ed soci\u00e1ln\u00ed za\u0159\u00edzen\u00ed. V p\u0159\u00edzemn\u00edch pokoj\u00edch je k dispozici kuchy\u0148ka. Co se t\u00fd\u010de pokoj\u016f v pat\u0159e, tam m\u00e1me jednu v\u011bt\u0161\u00ed spole\u010dnou kuchy\u0148.<\/p><p>Pro spole\u010densk\u00e9 aktivity lze vyu\u017e\u00edt men\u0161\u00ed salonek, velk\u00fd s\u00e1l. Nejen pro hork\u00e9 letn\u00ed dny je ide\u00e1ln\u00ed vin\u00e1rna, kter\u00e1 se nach\u00e1z\u00ed p\u0159\u00edmo pod penzionem, ale i uzav\u0159en\u00fd dvorek, kde se d\u00e1 p\u0159\u00edjemn\u011b posed\u011bt.<\/p><p>Sou\u010d\u00e1st\u00ed penzionu je velk\u00e1 \u00falo\u017en\u00e1 m\u00edstnost na odlo\u017een\u00ed kol.\u00a0<\/p>\t\t\t\t\t\t\t\t<\/div>\n\t\t\t\t<\/div>\n\t\t\t\t\t<\/div>\n\t\t\t\t<\/div>\n\t\t\t\t<\/div>\n\t\t","protected":false},"excerpt":{"rendered":"<p>Objev sv\u011bt rand\u011bn\u00edModern\u011b a bezpe\u010dn\u011b Objev sv\u011bt rand\u011bn\u00edModern\u011b a bezpe\u010dn\u011b Singlescamp je unik\u00e1tn\u00ed seznamovac\u00ed slu\u017eba, kter\u00e1 kombinuje pobyt v p\u0159\u00edjemn\u00e9m prost\u0159ed\u00ed s mo\u017enost\u00ed sezn\u00e1men\u00ed se s dal\u0161\u00edmi nezadan\u00fdmi. Nab\u00edz\u00edme v\u00edkendov\u00e9 pobyty pln\u00e9 z\u00e1bavy, aktivit a p\u0159\u00edle\u017eitost\u00ed k nav\u00e1z\u00e1n\u00ed nov\u00fdch kontakt\u016f. U\u017eijte si nezapomenuteln\u00fd \u010das a mo\u017en\u00e1 potk\u00e1te svou sp\u0159\u00edzn\u011bnou du\u0161i pr\u00e1v\u011b u n\u00e1s. Klikn\u011bte zde [&hellip;]<\/p>\n","protected":false},"author":1,"featured_media":0,"parent":0,"menu_order":0,"comment_status":"closed","ping_status":"closed","template":"","meta":{"footnotes":""},"class_list":["post-9","page","type-page","status-publish","hentry"],"_links":{"self":[{"href":"https:\/\/www.singlescamp.cz\/index.php?rest_route=\/wp\/v2\/pages\/9","targetHints":{"allow":["GET"]}}],"collection":[{"href":"https:\/\/www.singlescamp.cz\/index.php?rest_route=\/wp\/v2\/pages"}],"about":[{"href":"https:\/\/www.singlescamp.cz\/index.php?rest_route=\/wp\/v2\/types\/page"}],"author":[{"embeddable":true,"href":"https:\/\/www.singlescamp.cz\/index.php?rest_route=\/wp\/v2\/users\/1"}],"replies":[{"embeddable":true,"href":"https:\/\/www.singlescamp.cz\/index.php?rest_route=%2Fwp%2Fv2%2Fcomments&post=9"}],"version-history":[{"count":160,"href":"https:\/\/www.singlescamp.cz\/index.php?rest_route=\/wp\/v2\/pages\/9\/revisions"}],"predecessor-version":[{"id":232,"href":"https:\/\/www.singlescamp.cz\/index.php?rest_route=\/wp\/v2\/pages\/9\/revisions\/232"}],"wp:attachment":[{"href":"https:\/\/www.singlescamp.cz\/index.php?rest_route=%2Fwp%2Fv2%2Fmedia&parent=9"}],"curies":[{"name":"wp","href":"https:\/\/api.w.org\/{rel}","templated":true}]}}